{"id":848,"date":"2020-06-16T12:09:08","date_gmt":"2020-06-16T12:09:08","guid":{"rendered":"http:\/\/alfamail.com\/software\/fidic-yellow\/"},"modified":"2023-04-04T13:12:58","modified_gmt":"2023-04-04T12:12:58","slug":"fidic-yellow","status":"publish","type":"page","link":"https:\/\/alfamail.com\/nl\/visi-raamwerken\/fidic-yellow\/","title":{"rendered":"FIDIC Yellow"},"content":{"rendered":"","protected":false},"excerpt":{"rendered":"","protected":false},"author":25,"featured_media":0,"parent":937,"menu_order":3,"comment_status":"closed","ping_status":"closed","template":"views\/template-custom.blade.php","meta":{"content-type":""},"acf":[],"yoast_head":"<!-- This site is optimized with the Yoast SEO plugin v20.7 - https:\/\/yoast.com\/wordpress\/plugins\/seo\/ -->\n<title>FIDIC Yellow contract template voor de Grond, weg en waterbouw | Alfamail<\/title>\n<meta name=\"description\" content=\"FIDIC is een serie contractmodellen en staat voor F\u00e9d\u00e9ration International des Ing\u00e9nieurs-Conseils. Een internationale contractvorm.\" \/>\n<meta name=\"robots\" content=\"index, follow, max-snippet:-1, max-image-preview:large, max-video-preview:-1\" \/>\n<link rel=\"canonical\" href=\"https:\/\/alfamail.com\/nl\/visi-raamwerken\/fidic-yellow\/\" \/>\n<meta property=\"og:locale\" content=\"nl_NL\" \/>\n<meta property=\"og:type\" content=\"article\" \/>\n<meta property=\"og:title\" content=\"FIDIC Yellow contract template voor de Grond, weg en waterbouw | Alfamail\" \/>\n<meta property=\"og:description\" content=\"FIDIC is een serie contractmodellen en staat voor F\u00e9d\u00e9ration International des Ing\u00e9nieurs-Conseils. Een internationale contractvorm.\" \/>\n<meta property=\"og:url\" content=\"https:\/\/alfamail.com\/nl\/visi-raamwerken\/fidic-yellow\/\" \/>\n<meta property=\"og:site_name\" content=\"Alfamail\" \/>\n<meta property=\"article:modified_time\" content=\"2023-04-04T12:12:58+00:00\" \/>\n<meta name=\"twitter:card\" content=\"summary_large_image\" \/>\n<script type=\"application\/ld+json\" class=\"yoast-schema-graph\">{\"@context\":\"https:\/\/schema.org\",\"@graph\":[{\"@type\":\"WebPage\",\"@id\":\"https:\/\/alfamail.com\/nl\/visi-raamwerken\/fidic-yellow\/\",\"url\":\"https:\/\/alfamail.com\/nl\/visi-raamwerken\/fidic-yellow\/\",\"name\":\"FIDIC Yellow contract template voor de Grond, weg en waterbouw | Alfamail\",\"isPartOf\":{\"@id\":\"https:\/\/alfamail.com\/nl\/#website\"},\"datePublished\":\"2020-06-16T12:09:08+00:00\",\"dateModified\":\"2023-04-04T12:12:58+00:00\",\"description\":\"FIDIC is een serie contractmodellen en staat voor F\u00e9d\u00e9ration International des Ing\u00e9nieurs-Conseils. Een internationale contractvorm.\",\"breadcrumb\":{\"@id\":\"https:\/\/alfamail.com\/nl\/visi-raamwerken\/fidic-yellow\/#breadcrumb\"},\"inLanguage\":\"nl-NL\",\"potentialAction\":[{\"@type\":\"ReadAction\",\"target\":[\"https:\/\/alfamail.com\/nl\/visi-raamwerken\/fidic-yellow\/\"]}]},{\"@type\":\"BreadcrumbList\",\"@id\":\"https:\/\/alfamail.com\/nl\/visi-raamwerken\/fidic-yellow\/#breadcrumb\",\"itemListElement\":[{\"@type\":\"ListItem\",\"position\":1,\"name\":\"Home\",\"item\":\"https:\/\/alfamail.com\/nl\/\"},{\"@type\":\"ListItem\",\"position\":2,\"name\":\"VISI Raamwerken\",\"item\":\"https:\/\/alfamail.com\/nl\/visi-raamwerken\/\"},{\"@type\":\"ListItem\",\"position\":3,\"name\":\"FIDIC Yellow\"}]},{\"@type\":\"WebSite\",\"@id\":\"https:\/\/alfamail.com\/nl\/#website\",\"url\":\"https:\/\/alfamail.com\/nl\/\",\"name\":\"Alfamail\",\"description\":\"Transparante, traceerbare en veilige bouwprocescommunicatie\",\"potentialAction\":[{\"@type\":\"SearchAction\",\"target\":{\"@type\":\"EntryPoint\",\"urlTemplate\":\"https:\/\/alfamail.com\/nl\/?s={search_term_string}\"},\"query-input\":\"required name=search_term_string\"}],\"inLanguage\":\"nl-NL\"}]}<\/script>\n<!-- \/ Yoast SEO plugin. -->","yoast_head_json":{"title":"FIDIC Yellow contract template voor de Grond, weg en waterbouw | Alfamail","description":"FIDIC is een serie contractmodellen en staat voor F\u00e9d\u00e9ration International des Ing\u00e9nieurs-Conseils. Een internationale contractvorm.","robots":{"index":"index","follow":"follow","max-snippet":"max-snippet:-1","max-image-preview":"max-image-preview:large","max-video-preview":"max-video-preview:-1"},"canonical":"https:\/\/alfamail.com\/nl\/visi-raamwerken\/fidic-yellow\/","og_locale":"nl_NL","og_type":"article","og_title":"FIDIC Yellow contract template voor de Grond, weg en waterbouw | Alfamail","og_description":"FIDIC is een serie contractmodellen en staat voor F\u00e9d\u00e9ration International des Ing\u00e9nieurs-Conseils. Een internationale contractvorm.","og_url":"https:\/\/alfamail.com\/nl\/visi-raamwerken\/fidic-yellow\/","og_site_name":"Alfamail","article_modified_time":"2023-04-04T12:12:58+00:00","twitter_card":"summary_large_image","schema":{"@context":"https:\/\/schema.org","@graph":[{"@type":"WebPage","@id":"https:\/\/alfamail.com\/nl\/visi-raamwerken\/fidic-yellow\/","url":"https:\/\/alfamail.com\/nl\/visi-raamwerken\/fidic-yellow\/","name":"FIDIC Yellow contract template voor de Grond, weg en waterbouw | Alfamail","isPartOf":{"@id":"https:\/\/alfamail.com\/nl\/#website"},"datePublished":"2020-06-16T12:09:08+00:00","dateModified":"2023-04-04T12:12:58+00:00","description":"FIDIC is een serie contractmodellen en staat voor F\u00e9d\u00e9ration International des Ing\u00e9nieurs-Conseils. Een internationale contractvorm.","breadcrumb":{"@id":"https:\/\/alfamail.com\/nl\/visi-raamwerken\/fidic-yellow\/#breadcrumb"},"inLanguage":"nl-NL","potentialAction":[{"@type":"ReadAction","target":["https:\/\/alfamail.com\/nl\/visi-raamwerken\/fidic-yellow\/"]}]},{"@type":"BreadcrumbList","@id":"https:\/\/alfamail.com\/nl\/visi-raamwerken\/fidic-yellow\/#breadcrumb","itemListElement":[{"@type":"ListItem","position":1,"name":"Home","item":"https:\/\/alfamail.com\/nl\/"},{"@type":"ListItem","position":2,"name":"VISI Raamwerken","item":"https:\/\/alfamail.com\/nl\/visi-raamwerken\/"},{"@type":"ListItem","position":3,"name":"FIDIC Yellow"}]},{"@type":"WebSite","@id":"https:\/\/alfamail.com\/nl\/#website","url":"https:\/\/alfamail.com\/nl\/","name":"Alfamail","description":"Transparante, traceerbare en veilige bouwprocescommunicatie","potentialAction":[{"@type":"SearchAction","target":{"@type":"EntryPoint","urlTemplate":"https:\/\/alfamail.com\/nl\/?s={search_term_string}"},"query-input":"required name=search_term_string"}],"inLanguage":"nl-NL"}]}},"_links":{"self":[{"href":"https:\/\/alfamail.com\/nl\/wp-json\/wp\/v2\/pages\/848"}],"collection":[{"href":"https:\/\/alfamail.com\/nl\/wp-json\/wp\/v2\/pages"}],"about":[{"href":"https:\/\/alfamail.com\/nl\/wp-json\/wp\/v2\/types\/page"}],"author":[{"embeddable":true,"href":"https:\/\/alfamail.com\/nl\/wp-json\/wp\/v2\/users\/25"}],"replies":[{"embeddable":true,"href":"https:\/\/alfamail.com\/nl\/wp-json\/wp\/v2\/comments?post=848"}],"version-history":[{"count":15,"href":"https:\/\/alfamail.com\/nl\/wp-json\/wp\/v2\/pages\/848\/revisions"}],"predecessor-version":[{"id":3023,"href":"https:\/\/alfamail.com\/nl\/wp-json\/wp\/v2\/pages\/848\/revisions\/3023"}],"up":[{"embeddable":true,"href":"https:\/\/alfamail.com\/nl\/wp-json\/wp\/v2\/pages\/937"}],"wp:attachment":[{"href":"https:\/\/alfamail.com\/nl\/wp-json\/wp\/v2\/media?parent=848"}],"curies":[{"name":"wp","href":"https:\/\/api.w.org\/{rel}","templated":true}]}}